{"id":2934,"date":"2019-12-21T16:18:42","date_gmt":"2019-12-21T15:18:42","guid":{"rendered":"https:\/\/valterbinotto.it\/?page_id=2934"},"modified":"2024-11-27T21:23:47","modified_gmt":"2024-11-27T20:23:47","slug":"home-2","status":"publish","type":"page","link":"https:\/\/valterbinotto.it\/","title":{"rendered":"Home"},"content":{"rendered":"<div id=\"cs-content\" class=\"cs-content\"><div class=\"x-section e2934-e1 m29i-0 m29i-1\" id=\"work\"><div class=\"x-bg\" aria-hidden=\"true\"><div class=\"x-bg-layer-lower-image\" data-x-element-bg-layer=\"{&quot;parallaxSize&quot;:&quot;150%&quot;,&quot;parallaxDir&quot;:&quot;v&quot;,&quot;parallaxRev&quot;:false}\"><\/div><\/div><div class=\"x-row e2934-e2 m29i-6 m29i-7 m29i-8 m29i-9 m29i-a m29i-b m29i-w m29i-x\"><div class=\"x-row-inner\"><div class=\"x-col e2934-e3 m29i-1l m29i-1m\"><div class=\"x-text x-text-headline has-graphic e2934-e4 m29i-1o m29i-1p m29i-1q resp-h\"><div class=\"x-text-content\"><span class=\"x-graphic\" aria-hidden=\"true\"><i class=\"x-icon x-graphic-child x-graphic-icon x-graphic-primary\" aria-hidden=\"true\" data-x-icon-s=\"&#xf083;\"><\/i><\/span><div class=\"x-text-content-text\"><h2 class=\"x-text-content-text-primary\"> <\/h2>\n<\/div><\/div><\/div><div class=\"x-text x-content e2934-e5 m29i-1t m29i-1u m29i-1v resp-p\"><p style=\"cursor: text;\"><span style=\"color: #000000;\">Di seguito troverai una selezione di alcuni dei miei scatti preferiti. Spero che ti piaccia guardarli tanto quanto mi \u00e8 piaciuto catturarli.<\/span><\/p><\/div><\/div><\/div><\/div><\/div><div class=\"x-section e2934-e6 m29i-0 m29i-2 m29i-3 m29i-4\" id=\"possagno\"><div class=\"x-row x-container max width e2934-e7 m29i-8 m29i-9 m29i-c m29i-y m29i-z\"><div class=\"x-row-inner\"><div class=\"x-col e2934-e8 m29i-1l m29i-1m\"><div class=\"x-text x-content e2934-e9 m29i-1t m29i-1w\"><h5 style=\"cursor: text; text-align: center;\">Valter Binotto.it<\/h5>\n<p><img loading=\"lazy\" decoding=\"async\" src=\"https:\/\/valterbinotto.it\/wp-content\/uploads\/2015\/02\/valter.jpg\" alt=\"\" width=\"1000\" height=\"667\" class=\"alignnone size-full wp-image-82\" srcset=\"https:\/\/valterbinotto.it\/wp-content\/uploads\/2015\/02\/valter.jpg 1000w, https:\/\/valterbinotto.it\/wp-content\/uploads\/2015\/02\/valter-300x200.jpg 300w, https:\/\/valterbinotto.it\/wp-content\/uploads\/2015\/02\/valter-100x67.jpg 100w, https:\/\/valterbinotto.it\/wp-content\/uploads\/2015\/02\/valter-862x575.jpg 862w\" sizes=\"auto, (max-width: 1000px) 100vw, 1000px\" \/><\/p>\n\n<h5 style=\"cursor: text; text-align: center;\">La natura ai piedi del Grappa<\/h5><\/div><\/div><\/div><\/div><div class=\"x-row e2934-e10 m29i-6 m29i-7 m29i-8 m29i-b m29i-d m29i-e m29i-w m29i-10\"><div class=\"x-row-inner\"><div class=\"x-col e2934-e11 m29i-1l m29i-1m\"><div class=\"x-text x-text-headline e2934-e12 m29i-1o m29i-1r resp-h\"><div class=\"x-text-content\"><div class=\"x-text-content-text\"><h2 class=\"x-text-content-text-primary\">Possagno, il mio paese<\/h2>\n<\/div><\/div><\/div><div class=\"x-text x-content e2934-e13 m29i-1t m29i-1u m29i-1x resp-p\"><p style=\"cursor: text;\">\u00a0Vivo a Possagno, un paesino ai piedi del monte Grappa, in provincia di Treviso.<\/p>\n<p style=\"cursor: text;\">\u00a0<br \/>\nDi seguito sono riportate alcune foto che ritraggono momenti di luce particolare di questo paese, <span style=\"font-size: 1.5rem; letter-spacing: 0em;\">Possagno.<\/span><\/p>\n<p style=\"cursor: text;\">Potrai anche entrare in uno dei luoghi simbolo del paese, il Tempio voluto pi\u00f9 di 200 anni fa dal nostro illustre concittadino Antonio Canova.<\/p>\n<p>altro tour virtuale ti porter\u00e0 a visitare una delle chiese pi\u00f9 antiche del Veneto, la chiesetta di San Martino a Castelcies, anche questa a poca distanza da casa mia.\u00a0 <span>Nella chiesa di San Martino \u00e8 conservato quello che \u00e8 ritenuto il pi\u00f9 antico documento scritto della provincia di Treviso: \u00e8 un piccolo blocco di pietra del luogo su cui sono incise da una parte una scritta in latino e dall'altra in retico.(IV secolo a.C.).\u00a0<\/span><\/p><\/div><\/div><\/div><\/div><div class=\"x-row e2934-e14 m29i-6 m29i-8 m29i-b m29i-e m29i-f m29i-g m29i-w m29i-11\"><div class=\"x-bg\" aria-hidden=\"true\"><div class=\"x-bg-layer-lower-image\" data-x-element-bg-layer=\"{&quot;parallaxSize&quot;:&quot;100%&quot;,&quot;parallaxDir&quot;:&quot;v&quot;,&quot;parallaxRev&quot;:false}\"><\/div><\/div><div class=\"x-row-inner\"><div class=\"x-col e2934-e15 m29i-1l\"><hr class=\"x-line e2934-e16 m29i-21 m29i-22\"\/><div class=\"x-text x-content e2934-e17 m29i-1t m29i-1w m29i-1y\"><p style=\"text-align: center;\"><a href=\"https:\/\/valterbinotto.it\/?page_id=2667\" target=\"_blank\" rel=\"noopener\">Entra per visitare l'interno del Tempio<\/a><\/p><\/div><\/div><div class=\"x-col e2934-e18 m29i-1l m29i-1n\"><\/div><\/div><\/div><div class=\"x-row e2934-e19 m29i-6 m29i-8 m29i-e m29i-f m29i-h m29i-w m29i-12\"><div class=\"x-bg\" aria-hidden=\"true\"><div class=\"x-bg-layer-lower-image\" data-x-element-bg-layer=\"{&quot;parallaxSize&quot;:&quot;100%&quot;,&quot;parallaxDir&quot;:&quot;v&quot;,&quot;parallaxRev&quot;:false}\"><\/div><\/div><div class=\"x-row-inner\"><div class=\"x-col e2934-e20 m29i-1l\"><hr class=\"x-line e2934-e21 m29i-22 m29i-23\"\/><hr class=\"x-line e2934-e22 m29i-22 m29i-23\"\/><hr class=\"x-line e2934-e23 m29i-22 m29i-23\"\/><hr class=\"x-line e2934-e24 m29i-22 m29i-23\"\/><\/div><\/div><\/div><div class=\"x-row e2934-e25 m29i-6 m29i-8 m29i-b m29i-e m29i-f m29i-i m29i-w m29i-13\"><div class=\"x-bg\" aria-hidden=\"true\"><div class=\"x-bg-layer-lower-image\" data-x-element-bg-layer=\"{&quot;parallaxSize&quot;:&quot;100%&quot;,&quot;parallaxDir&quot;:&quot;v&quot;,&quot;parallaxRev&quot;:false}\"><\/div><\/div><div class=\"x-row-inner\"><div class=\"x-col e2934-e26 m29i-1l\"><hr class=\"x-line e2934-e27 m29i-22 m29i-24\"\/><\/div><\/div><\/div><div class=\"x-row e2934-e28 m29i-6 m29i-8 m29i-b m29i-e m29i-f m29i-j m29i-w m29i-14\"><div class=\"x-bg\" aria-hidden=\"true\"><div class=\"x-bg-layer-lower-image\" data-x-element-bg-layer=\"{&quot;parallaxSize&quot;:&quot;100%&quot;,&quot;parallaxDir&quot;:&quot;v&quot;,&quot;parallaxRev&quot;:false}\"><\/div><\/div><div class=\"x-row-inner\"><div class=\"x-col e2934-e29 m29i-1l\"><hr class=\"x-line e2934-e30 m29i-22 m29i-24\"\/><\/div><div class=\"x-col e2934-e31 m29i-1l\"><div class=\"x-text x-content e2934-e32 m29i-1t m29i-1w\"><p style=\"text-align: center;\"><span style=\"color: #ffffff;\"><a href=\"https:\/\/valterbinotto.it\/?page_id=2858\" target=\"_blank\" style=\"color: #ffffff;\" rel=\"noopener\">Entra per visitare l'interno della chiesa di San Martino a Calstelcies di Cavaso del Tomba - TV\u00a0<\/a><\/span><\/p><\/div><\/div><\/div><\/div><div class=\"x-row e2934-e33 m29i-6 m29i-8 m29i-b m29i-e m29i-f m29i-k m29i-w m29i-15\"><div class=\"x-bg\" aria-hidden=\"true\"><div class=\"x-bg-layer-lower-image\" data-x-element-bg-layer=\"{&quot;parallaxSize&quot;:&quot;100%&quot;,&quot;parallaxDir&quot;:&quot;v&quot;,&quot;parallaxRev&quot;:false}\"><\/div><\/div><div class=\"x-row-inner\"><\/div><\/div><div class=\"x-row e2934-e34 m29i-6 m29i-8 m29i-b m29i-e m29i-f m29i-l m29i-w m29i-16\"><div class=\"x-bg\" aria-hidden=\"true\"><div class=\"x-bg-layer-lower-image\" data-x-element-bg-layer=\"{&quot;parallaxSize&quot;:&quot;100%&quot;,&quot;parallaxDir&quot;:&quot;v&quot;,&quot;parallaxRev&quot;:false}\"><\/div><\/div><div class=\"x-row-inner\"><div class=\"x-col e2934-e35 m29i-1l\"><hr class=\"x-line e2934-e36 m29i-22 m29i-24\"\/><\/div><\/div><\/div><\/div><div class=\"x-section e2934-e37 m29i-0 m29i-2 m29i-3\" id=\"nature\"><div class=\"x-row e2934-e38 m29i-6 m29i-7 m29i-8 m29i-b m29i-d m29i-e m29i-w m29i-17\"><div class=\"x-row-inner\"><div class=\"x-col e2934-e39 m29i-1l m29i-1m\"><div class=\"x-text x-text-headline has-graphic e2934-e40 m29i-1o m29i-1p m29i-1r m29i-1s resp-h\"><div class=\"x-text-content\"><span class=\"x-graphic\" aria-hidden=\"true\"><i class=\"x-icon x-graphic-child x-graphic-icon x-graphic-primary\" aria-hidden=\"true\" data-x-icon-o=\"&#xf185;\"><\/i><\/span><div class=\"x-text-content-text\"><h2 class=\"x-text-content-text-primary\"><span style=\"color: #000000;\">La <span style=\"cursor: text;\">Natura<\/span><\/span><\/h2>\n<\/div><\/div><\/div><div class=\"x-text x-content e2934-e41 m29i-1t m29i-1u m29i-1z resp-p\"><p style=\"cursor: text;\"><span style=\"cursor: text; color: #000000;\">Trovo che il tempo che dedico alla natura sia confortante e rigenerante. In ogni angolo ed in ogni momento trovo spunti di ispirazione.<\/span><\/p><\/div><\/div><\/div><\/div><div class=\"x-row e2934-e42 m29i-6 m29i-8 m29i-b m29i-e m29i-f m29i-m m29i-w m29i-18\"><div class=\"x-bg\" aria-hidden=\"true\"><div class=\"x-bg-layer-lower-image\" data-x-element-bg-layer=\"{&quot;parallaxSize&quot;:&quot;100%&quot;,&quot;parallaxDir&quot;:&quot;v&quot;,&quot;parallaxRev&quot;:false}\"><\/div><\/div><div class=\"x-row-inner\"><div class=\"x-col e2934-e43 m29i-1l\"><hr class=\"x-line e2934-e44 m29i-22 m29i-24\"\/><\/div><div class=\"x-col e2934-e45 m29i-1l\"><div id=\"testo 1\" class=\"x-text x-content e2934-e46 m29i-1t m29i-1w m29i-20\"><p style=\"cursor: text; text-align: center;\"><span style=\"color: #000000;\">Iris siberiano fotografato ai Pal\u00f9 di Sernaglia. I Pal\u00f9 rappresentano una delle zone a campi chiusi meglio conservate in Veneto<\/span><\/p><\/div><\/div><\/div><\/div><div class=\"x-row e2934-e47 m29i-6 m29i-8 m29i-b m29i-e m29i-f m29i-n m29i-w m29i-19\"><div class=\"x-bg\" aria-hidden=\"true\"><div class=\"x-bg-layer-lower-image\" data-x-element-bg-layer=\"{&quot;parallaxSize&quot;:&quot;100%&quot;,&quot;parallaxDir&quot;:&quot;v&quot;,&quot;parallaxRev&quot;:false}\"><\/div><\/div><div class=\"x-row-inner\"><div class=\"x-col e2934-e48 m29i-1l\"><hr class=\"x-line e2934-e49 m29i-22 m29i-24\"\/><\/div><div class=\"x-col e2934-e50 m29i-1l\" id=\"testo\"><div class=\"x-text x-content e2934-e51 m29i-1t m29i-1w\"><p style=\"cursor: text; text-align: center;\"><span style=\"color: #ffffff;\">impollinazione del nocciolo, gi\u00e0 a fine dicembre la pianta affida al vento nuvole di polline\u00a0<\/span><\/p><\/div><\/div><\/div><\/div><div class=\"x-row e2934-e52 m29i-6 m29i-8 m29i-b m29i-e m29i-f m29i-o m29i-w m29i-1a\"><div class=\"x-bg\" aria-hidden=\"true\"><div class=\"x-bg-layer-lower-image\" data-x-element-bg-layer=\"{&quot;parallaxSize&quot;:&quot;100%&quot;,&quot;parallaxDir&quot;:&quot;v&quot;,&quot;parallaxRev&quot;:false}\"><\/div><\/div><div class=\"x-row-inner\"><div class=\"x-col e2934-e53 m29i-1l\"><hr class=\"x-line e2934-e54 m29i-22 m29i-24\"\/><div class=\"x-text x-content e2934-e55 m29i-1t m29i-1w\"><p style=\"cursor: text; text-align: center;\"><span style=\"color: #ffffff;\">il Tasso, abitante notturno e schivo delle nostre colline<\/span><\/p><\/div><\/div><\/div><\/div><div class=\"x-row e2934-e56 m29i-6 m29i-8 m29i-b m29i-e m29i-f m29i-p m29i-w m29i-1b\"><div class=\"x-bg\" aria-hidden=\"true\"><div class=\"x-bg-layer-lower-image\" data-x-element-bg-layer=\"{&quot;parallaxSize&quot;:&quot;100%&quot;,&quot;parallaxDir&quot;:&quot;v&quot;,&quot;parallaxRev&quot;:false}\"><\/div><\/div><div class=\"x-row-inner\"><div class=\"x-col e2934-e57 m29i-1l\"><hr class=\"x-line e2934-e58 m29i-22 m29i-24\"\/><div class=\"x-text x-content e2934-e59 m29i-1t m29i-1w\"><p style=\"text-align: center;\"><span style=\"color: #ffffff;\">il ciclamino, a fine estate colora e promuna il sottobosco<\/span><\/p><\/div><\/div><\/div><\/div><div class=\"x-row e2934-e60 m29i-6 m29i-8 m29i-b m29i-e m29i-f m29i-q m29i-w m29i-1c\"><div class=\"x-bg\" aria-hidden=\"true\"><div class=\"x-bg-layer-lower-image\" data-x-element-bg-layer=\"{&quot;parallaxSize&quot;:&quot;100%&quot;,&quot;parallaxDir&quot;:&quot;v&quot;,&quot;parallaxRev&quot;:false}\"><\/div><\/div><div class=\"x-row-inner\"><div class=\"x-col e2934-e61 m29i-1l\"><hr class=\"x-line e2934-e62 m29i-22 m29i-24\"\/><div class=\"x-text x-content e2934-e63 m29i-1t m29i-1w\"><p style=\"text-align: center;\"><span style=\"color: #000000;\">Parnassius apollo, la regina delle alpi<\/span><\/p><\/div><\/div><\/div><\/div><\/div><div class=\"x-section e2934-e64 m29i-0 m29i-2 m29i-3\" id=\"luci\"><div class=\"x-row e2934-e65 m29i-6 m29i-7 m29i-8 m29i-b m29i-d m29i-e m29i-w m29i-1d\"><div class=\"x-row-inner\"><div class=\"x-col e2934-e66 m29i-1l m29i-1m\"><div class=\"x-text x-text-headline has-graphic e2934-e67 m29i-1o m29i-1p m29i-1r m29i-1s resp-h\"><div class=\"x-text-content\"><span class=\"x-graphic\" aria-hidden=\"true\"><i class=\"x-icon x-graphic-child x-graphic-icon x-graphic-primary\" aria-hidden=\"true\" data-x-icon-o=\"&#xf185;\"><\/i><\/span><div class=\"x-text-content-text\"><h2 class=\"x-text-content-text-primary\"><span style=\"color: #000000;\">Luci nel cielo<\/span><\/h2>\n<\/div><\/div><\/div><div class=\"x-text x-content e2934-e68 m29i-1t m29i-1u m29i-1z resp-p\"><p style=\"cursor: text;\"><span style=\"color: #000000;\">Aurore boreali, cieli stallati, fulmini, arcobaleni, raggi verdi, sprites, elfi e molti altri effetti spettacolari che il nostro cielo ci offre<\/span><\/p><\/div><\/div><\/div><\/div><div class=\"x-row e2934-e69 m29i-6 m29i-8 m29i-b m29i-e m29i-f m29i-r m29i-w m29i-1e\"><div class=\"x-bg\" aria-hidden=\"true\"><div class=\"x-bg-layer-lower-image\" data-x-element-bg-layer=\"{&quot;parallaxSize&quot;:&quot;100%&quot;,&quot;parallaxDir&quot;:&quot;v&quot;,&quot;parallaxRev&quot;:false}\"><\/div><\/div><div class=\"x-row-inner\"><div class=\"x-col e2934-e70 m29i-1l\"><hr class=\"x-line e2934-e71 m29i-22 m29i-24\"\/><div class=\"x-text x-content e2934-e72 m29i-1t m29i-1w\"><p style=\"text-align: center;\"><span style=\"color: #ffffff;\">l'aurora boreale, magia delle notti invernali islandesi<\/span><\/p><\/div><\/div><\/div><\/div><div class=\"x-row e2934-e73 m29i-6 m29i-8 m29i-b m29i-e m29i-f m29i-s m29i-w m29i-1f\"><div class=\"x-bg\" aria-hidden=\"true\"><div class=\"x-bg-layer-lower-image\" data-x-element-bg-layer=\"{&quot;parallaxSize&quot;:&quot;100%&quot;,&quot;parallaxDir&quot;:&quot;v&quot;,&quot;parallaxRev&quot;:false}\"><\/div><\/div><div class=\"x-row-inner\"><div class=\"x-col e2934-e74 m29i-1l\"><hr class=\"x-line e2934-e75 m29i-22 m29i-24\"\/><div class=\"x-text x-content e2934-e76 m29i-1t m29i-1w\"><p style=\"text-align: center;\"><span style=\"color: #ffffff;\">Il raggio verde. \u00a0E' un fenomeno ottico visibile quando il Sole, all'alba o al tramonto, crea una sottile striatura luminosa dal colore verde che dura pochi istanti.<\/span><\/p><\/div><\/div><\/div><\/div><div class=\"x-row e2934-e77 m29i-6 m29i-8 m29i-b m29i-e m29i-f m29i-t m29i-w m29i-1g\"><div class=\"x-bg\" aria-hidden=\"true\"><div class=\"x-bg-layer-lower-image\" data-x-element-bg-layer=\"{&quot;parallaxSize&quot;:&quot;100%&quot;,&quot;parallaxDir&quot;:&quot;v&quot;,&quot;parallaxRev&quot;:false}\"><\/div><\/div><div class=\"x-row-inner\"><div class=\"x-col e2934-e78 m29i-1l\"><hr class=\"x-line e2934-e79 m29i-22 m29i-24\"\/><div class=\"x-text x-content e2934-e80 m29i-1t m29i-1w\"><p style=\"text-align: center;\"><span style=\"color: #ffffff;\">Elfo.\u00a0<\/span><\/p>\n<p style=\"text-align: center;\"><span style=\"color: #ffffff;\">La foto mostra un ELVES (emissione di luce e perturbazioni a bassissima frequenza dovute a sorgenti di impulsi elettromagnetici).<\/span><\/p><\/div><\/div><\/div><\/div><div class=\"x-row e2934-e81 m29i-6 m29i-8 m29i-b m29i-e m29i-f m29i-u m29i-w m29i-1h\"><div class=\"x-bg\" aria-hidden=\"true\"><div class=\"x-bg-layer-lower-image\" data-x-element-bg-layer=\"{&quot;parallaxSize&quot;:&quot;100%&quot;,&quot;parallaxDir&quot;:&quot;v&quot;,&quot;parallaxRev&quot;:false}\"><\/div><\/div><div class=\"x-row-inner\"><div class=\"x-col e2934-e82 m29i-1l\"><hr class=\"x-line e2934-e83 m29i-22 m29i-24\"\/><div class=\"x-text x-content e2934-e84 m29i-1t m29i-1w\"><p style=\"text-align: center;\"><span style=\"color: #ffffff;\">Sprites, altro fenomeno legato ai temporali ed ai fulmini<\/span><\/p><\/div><\/div><\/div><\/div><div class=\"x-row e2934-e85 m29i-6 m29i-8 m29i-b m29i-e m29i-f m29i-v m29i-w m29i-1i\"><div class=\"x-bg\" aria-hidden=\"true\"><div class=\"x-bg-layer-lower-image\" data-x-element-bg-layer=\"{&quot;parallaxSize&quot;:&quot;100%&quot;,&quot;parallaxDir&quot;:&quot;v&quot;,&quot;parallaxRev&quot;:false}\"><\/div><\/div><div class=\"x-row-inner\"><div class=\"x-col e2934-e86 m29i-1l\"><hr class=\"x-line e2934-e87 m29i-22 m29i-24\"\/><div class=\"x-text x-content e2934-e88 m29i-1t m29i-1w\"><p style=\"text-align: center;\"><span style=\"color: #ffffff;\">alone lunare<\/span><\/p><\/div><\/div><\/div><\/div><\/div><div class=\"x-section e2934-e89 m29i-0 m29i-2 m29i-5\" id=\"contact\"><div class=\"x-row e2934-e90 m29i-6 m29i-7 m29i-8 m29i-9 m29i-a m29i-b m29i-w m29i-1j\"><div class=\"x-row-inner\"><div class=\"x-col e2934-e91 m29i-1l m29i-1m\"><div class=\"x-text x-text-headline has-graphic e2934-e92 m29i-1o m29i-1p m29i-1r m29i-1s resp-h\"><div class=\"x-text-content\"><span class=\"x-graphic\" aria-hidden=\"true\"><i class=\"x-icon x-graphic-child x-graphic-icon x-graphic-primary\" aria-hidden=\"true\" data-x-icon-o=\"&#xf0e0;\"><\/i><\/span><div class=\"x-text-content-text\"><h2 class=\"x-text-content-text-primary\">Mettiti in contatto&nbsp; &nbsp; &nbsp; &nbsp; &nbsp; info@valterbinotto.it<\/h2>\n<\/div><\/div><\/div><div class=\"x-text x-content e2934-e93 m29i-1t m29i-1u m29i-1z resp-p\"><p style=\"cursor: text;\"><span style=\"color: #000000;\">Sono disponibile per serate a tema natura e mostre fotografiche. Non esitate a contattarmi in qualsiasi momento per discutere le opzioni.<\/span><\/p><\/div><hr class=\"x-line e2934-e94 m29i-25\"\/><\/div><\/div><\/div><div class=\"x-row x-container max width e2934-e95 m29i-8 m29i-9 m29i-c m29i-y m29i-1k\"><div class=\"x-row-inner\"><div class=\"x-col e2934-e96 m29i-1l\"><div class=\"x-widget-area e2934-e97 m29i-26\"><\/div><\/div><\/div><\/div><\/div><span data-x-element-responsive-text=\"{&quot;selector&quot;:&quot;.resp-h .x-text-content&quot;,&quot;compression&quot;:&quot;1.0&quot;,&quot;minFontSize&quot;:&quot;42px&quot;,&quot;maxFontSize&quot;:&quot;54px&quot;}\" class=\"e2934-e98\"><\/span><span data-x-element-responsive-text=\"{&quot;selector&quot;:&quot;.resp-p&quot;,&quot;compression&quot;:&quot;2.5&quot;,&quot;minFontSize&quot;:&quot;16px&quot;,&quot;maxFontSize&quot;:&quot;21px&quot;}\" class=\"e2934-e99\"><\/span><\/div>\n<!-- Inizio Codice ShinyStat --><br \/>\n<script src=\"\/\/codice.shinystat.com\/cgi-bin\/getcod.cgi?USER=SS-44258481-69783\"><\/script><br \/>\n<noscript><br \/>\n<a href=\"https:\/\/www.shinystat.com\/it\/\" target=\"_top\"><br \/>\n<img decoding=\"async\" src=\"\/\/www.shinystat.com\/cgi-bin\/shinystat.cgi?USER=SS-44258481-69783\" alt=\"Statistiche web\" style=\"border:0px\" \/><\/a><br \/>\n<\/noscript><br \/>\n<!-- Fine Codice ShinyStat --><\/p>\n","protected":false},"excerpt":{"rendered":"<p>Di seguito troverai una selezione di alcuni dei miei scatti preferiti. Spero che ti piaccia guardarli tanto quanto mi \u00e8 piaciuto catturarli.Valter Binotto.it La natura ai piedi del GrappaPossagno, il &#8230;<\/p>\n","protected":false},"author":2,"featured_media":0,"parent":0,"menu_order":0,"comment_status":"closed","ping_status":"closed","template":"template-blank-4.php","meta":{"footnotes":""},"class_list":["post-2934","page","type-page","status-publish","hentry","no-post-thumbnail"],"_links":{"self":[{"href":"https:\/\/valterbinotto.it\/index.php?rest_route=\/wp\/v2\/pages\/2934","targetHints":{"allow":["GET"]}}],"collection":[{"href":"https:\/\/valterbinotto.it\/index.php?rest_route=\/wp\/v2\/pages"}],"about":[{"href":"https:\/\/valterbinotto.it\/index.php?rest_route=\/wp\/v2\/types\/page"}],"author":[{"embeddable":true,"href":"https:\/\/valterbinotto.it\/index.php?rest_route=\/wp\/v2\/users\/2"}],"replies":[{"embeddable":true,"href":"https:\/\/valterbinotto.it\/index.php?rest_route=%2Fwp%2Fv2%2Fcomments&post=2934"}],"version-history":[{"count":44,"href":"https:\/\/valterbinotto.it\/index.php?rest_route=\/wp\/v2\/pages\/2934\/revisions"}],"predecessor-version":[{"id":3198,"href":"https:\/\/valterbinotto.it\/index.php?rest_route=\/wp\/v2\/pages\/2934\/revisions\/3198"}],"wp:attachment":[{"href":"https:\/\/valterbinotto.it\/index.php?rest_route=%2Fwp%2Fv2%2Fmedia&parent=2934"}],"curies":[{"name":"wp","href":"https:\/\/api.w.org\/{rel}","templated":true}]}}